{"id":317,"date":"2020-07-14T14:22:50","date_gmt":"2020-07-14T05:22:50","guid":{"rendered":"https:\/\/aobagaigo.org\/?page_id=317"},"modified":"2020-07-14T14:22:52","modified_gmt":"2020-07-14T05:22:52","slug":"mail","status":"publish","type":"page","link":"https:\/\/aobagaigo.org\/vi\/mail","title":{"rendered":"Li\u00ean h\u1ec7 ch\u00fang t\u00f4i"},"content":{"rendered":"\n<ul class=\"bogo-language-switcher list-view\"><li class=\"en-US en first\"><span class=\"bogoflags bogoflags-us\"><\/span> <span class=\"bogo-language-name\"><a rel=\"alternate\" hreflang=\"en-US\" href=\"https:\/\/aobagaigo.org\/en\/wp-json\/wp\/v2\/pages\/317\" title=\"English\">English<\/a><\/span><\/li>\n<li class=\"ja\"><span class=\"bogoflags bogoflags-jp\"><\/span> <span class=\"bogo-language-name\"><a rel=\"alternate\" hreflang=\"ja\" href=\"https:\/\/aobagaigo.org\/wp-json\/wp\/v2\/pages\/317\" title=\"Japanese\">\u65e5\u672c\u8a9e<\/a><\/span><\/li>\n<li class=\"ne-NP ne\"><span class=\"bogoflags bogoflags-np\"><\/span> <span class=\"bogo-language-name\"><a rel=\"alternate\" hreflang=\"ne-NP\" href=\"https:\/\/aobagaigo.org\/ne\/wp-json\/wp\/v2\/pages\/317\" title=\"Nepali\">\u0928\u0947\u092a\u093e\u0932\u0940<\/a><\/span><\/li>\n<li class=\"vi current\"><span class=\"bogoflags bogoflags-vn\"><\/span> <span class=\"bogo-language-name\"><a rel=\"alternate\" hreflang=\"vi\" href=\"https:\/\/aobagaigo.org\/vi\/wp-json\/wp\/v2\/pages\/317\" title=\"Vietnamese\" class=\"current\" aria-current=\"page\">Ti\u1ebfng Vi\u1ec7t<\/a><\/span><\/li>\n<li class=\"zh-CN\"><span class=\"bogoflags bogoflags-cn\"><\/span> <span class=\"bogo-language-name\"><a rel=\"alternate\" hreflang=\"zh-CN\" href=\"https:\/\/aobagaigo.org\/zh-CN\/wp-json\/wp\/v2\/pages\/317\" title=\"Chinese (China)\">\u7b80\u4f53\u4e2d\u6587<\/a><\/span><\/li>\n<li class=\"zh-TW last\"><span class=\"bogoflags bogoflags-tw\"><\/span> <span class=\"bogo-language-name\"><a rel=\"alternate\" hreflang=\"zh-TW\" href=\"https:\/\/aobagaigo.org\/zh-TW\/wp-json\/wp\/v2\/pages\/317\" title=\"Chinese (Taiwan)\">\u7e41\u9ad4\u4e2d\u6587<\/a><\/span><\/li>\n<\/ul>\n\n\n\n<p>C\u1ea3m \u01a1n b\u1ea1n \u0111\u00e3 y\u00eau c\u1ea7u c\u1ee7a b\u1ea1n. N\u1ebfu b\u1ea1n l\u00e0 m\u1ed9t \u0111\u1ea1i l\u00fd \u1edf m\u1ed7i qu\u1ed1c gia, xin vui l\u00f2ng li\u00ean h\u1ec7 v\u1edbi ch\u00fang t\u00f4i \u1edf \u0111\u00e2y. Ph\u1ea3i m\u1ea5t 3-4 ng\u00e0y l\u00e0m vi\u1ec7c \u0111\u1ec3 tr\u1ea3 l\u1eddi. Xin l\u01b0u \u00fd. Ch\u00fang t\u00f4i s\u1ebd tr\u1ea3 l\u1eddi c\u00e1c c\u00e2u h\u1ecfi b\u1eb1ng ti\u1ebfng Anh.<\/p>\n\n\n\n\n<div class=\"wpcf7 no-js\" id=\"wpcf7-f30-o1\" lang=\"ja\" dir=\"ltr\" data-wpcf7-id=\"30\">\n<div class=\"screen-reader-response\"><p role=\"status\" aria-live=\"polite\" aria-atomic=\"true\"><\/p> <ul><\/ul><\/div>\n<form action=\"\/vi\/wp-json\/wp\/v2\/pages\/317#wpcf7-f30-o1\" method=\"post\" class=\"wpcf7-form init\" aria-label=\"\u30b3\u30f3\u30bf\u30af\u30c8\u30d5\u30a9\u30fc\u30e0\" novalidate=\"novalidate\" data-status=\"init\">\n<fieldset class=\"hidden-fields-container\"><input type=\"hidden\" name=\"_wpcf7\" value=\"30\" \/><input type=\"hidden\" name=\"_wpcf7_version\" value=\"6.1.5\" \/><input type=\"hidden\" name=\"_wpcf7_locale\" value=\"ja\" \/><input type=\"hidden\" name=\"_wpcf7_unit_tag\" value=\"wpcf7-f30-o1\" \/><input type=\"hidden\" name=\"_wpcf7_container_post\" value=\"0\" \/><input type=\"hidden\" name=\"_wpcf7_posted_data_hash\" value=\"\" \/>\n<\/fieldset>\n<p><label> \u304a\u540d\u524d(Name) (\u5fc5\u9808) (Required)<br \/>\n<span class=\"wpcf7-form-control-wrap\" data-name=\"your-name\"><input size=\"40\" maxlength=\"400\" class=\"wpcf7-form-control wpcf7-text wpcf7-validates-as-required\" aria-required=\"true\" aria-invalid=\"false\" value=\"\" type=\"text\" name=\"your-name\" \/><\/span> <\/label>\n<\/p>\n<p><label> \u30e1\u30fc\u30eb\u30a2\u30c9\u30ec\u30b9(E-mail address) (\u5fc5\u9808) (Required)<br \/>\n<span class=\"wpcf7-form-control-wrap\" data-name=\"your-email\"><input size=\"40\" maxlength=\"400\" class=\"wpcf7-form-control wpcf7-email wpcf7-validates-as-required wpcf7-text wpcf7-validates-as-email\" aria-required=\"true\" aria-invalid=\"false\" value=\"\" type=\"email\" name=\"your-email\" \/><\/span> <\/label>\n<\/p>\n<p><label> \u984c\u540d(Subject)<br \/>\n<span class=\"wpcf7-form-control-wrap\" data-name=\"your-subject\"><input size=\"40\" maxlength=\"400\" class=\"wpcf7-form-control wpcf7-text\" aria-invalid=\"false\" value=\"\" type=\"text\" name=\"your-subject\" \/><\/span> <\/label>\n<\/p>\n<p><label> \u30e1\u30c3\u30bb\u30fc\u30b8\u672c\u6587(Message)<br \/>\n<span class=\"wpcf7-form-control-wrap\" data-name=\"your-message\"><textarea cols=\"40\" rows=\"10\" maxlength=\"2000\" class=\"wpcf7-form-control wpcf7-textarea\" aria-invalid=\"false\" name=\"your-message\"><\/textarea><\/span> <\/label>\n<\/p>\n<p><input class=\"wpcf7-form-control wpcf7-submit has-spinner\" type=\"submit\" value=\"\u9001\u4fe1(Send)\" \/>\n<\/p><p style=\"display: none !important;\" class=\"akismet-fields-container\" data-prefix=\"_wpcf7_ak_\"><label>&#916;<textarea name=\"_wpcf7_ak_hp_textarea\" cols=\"45\" rows=\"8\" maxlength=\"100\"><\/textarea><\/label><input type=\"hidden\" id=\"ak_js_1\" name=\"_wpcf7_ak_js\" value=\"55\"\/><script>document.getElementById( \"ak_js_1\" ).setAttribute( \"value\", ( new Date() ).getTime() );<\/script><\/p><div class=\"wpcf7-response-output\" aria-hidden=\"true\"><\/div>\n<\/form>\n<\/div>\n\n","protected":false},"excerpt":{"rendered":"<p>C\u1ea3m \u01a1n b\u1ea1n \u0111\u00e3 y\u00eau c\u1ea7u c\u1ee7a b\u1ea1n. N\u1ebfu b\u1ea1n l\u00e0 m\u1ed9t \u0111\u1ea1i l\u00fd \u1edf m\u1ed7i qu\u1ed1c gia, xin vui l\u00f2ng li\u00ean h\u1ec7 v\u1edbi ch\u00fang t\u00f4i \u1edf \u0111\u00e2y. Ph\u1ea3i m\u1ea5t 3-4 ng\u00e0y l\u00e0m vi\u1ec7c \u0111\u1ec3 tr\u1ea3 l\u1eddi. Xin l\u01b0u \u00fd. Ch\u00fang t\u00f4i s\u1ebd tr\u1ea3 l\u1eddi c\u00e1c c\u00e2u h\u1ecfi b\u1eb1ng ti\u1ebfng Anh.<\/p>\n","protected":false},"author":1,"featured_media":0,"parent":0,"menu_order":0,"comment_status":"closed","ping_status":"closed","template":"","meta":{"_locale":"vi","_original_post":"http:\/\/aobagaigo.org\/?page_id=31","vkexunit_cta_each_option":"","footnotes":""},"class_list":["post-317","page","type-page","status-publish","hentry","vi"],"jetpack_sharing_enabled":true,"_links":{"self":[{"href":"https:\/\/aobagaigo.org\/wp-json\/wp\/v2\/pages\/317","targetHints":{"allow":["GET"]}}],"collection":[{"href":"https:\/\/aobagaigo.org\/wp-json\/wp\/v2\/pages"}],"about":[{"href":"https:\/\/aobagaigo.org\/wp-json\/wp\/v2\/types\/page"}],"author":[{"embeddable":true,"href":"https:\/\/aobagaigo.org\/wp-json\/wp\/v2\/users\/1"}],"replies":[{"embeddable":true,"href":"https:\/\/aobagaigo.org\/wp-json\/wp\/v2\/comments?post=317"}],"version-history":[{"count":1,"href":"https:\/\/aobagaigo.org\/wp-json\/wp\/v2\/pages\/317\/revisions"}],"predecessor-version":[{"id":318,"href":"https:\/\/aobagaigo.org\/wp-json\/wp\/v2\/pages\/317\/revisions\/318"}],"wp:attachment":[{"href":"https:\/\/aobagaigo.org\/wp-json\/wp\/v2\/media?parent=317"}],"curies":[{"name":"wp","href":"https:\/\/api.w.org\/{rel}","templated":true}]}}