{"id":303,"date":"2020-07-14T14:06:20","date_gmt":"2020-07-14T05:06:20","guid":{"rendered":"https:\/\/aobagaigo.org\/?page_id=303"},"modified":"2020-07-14T14:11:48","modified_gmt":"2020-07-14T05:11:48","slug":"upper-intermediate-level","status":"publish","type":"page","link":"https:\/\/aobagaigo.org\/vi\/upper-intermediate-level","title":{"rendered":"Tr\u00ecnh \u0111\u1ed9 trung c\u1ea5p (6 th\u00e1ng)"},"content":{"rendered":"\n<ul class=\"bogo-language-switcher list-view\"><li class=\"en-US en first\"><span class=\"bogoflags bogoflags-us\"><\/span> <span class=\"bogo-language-name\"><a rel=\"alternate\" hreflang=\"en-US\" href=\"https:\/\/aobagaigo.org\/en\/wp-json\/wp\/v2\/pages\/303\" title=\"English\">English<\/a><\/span><\/li>\n<li class=\"ja\"><span class=\"bogoflags bogoflags-jp\"><\/span> <span class=\"bogo-language-name\"><a rel=\"alternate\" hreflang=\"ja\" href=\"https:\/\/aobagaigo.org\/wp-json\/wp\/v2\/pages\/303\" title=\"Japanese\">\u65e5\u672c\u8a9e<\/a><\/span><\/li>\n<li class=\"ne-NP ne\"><span class=\"bogoflags bogoflags-np\"><\/span> <span class=\"bogo-language-name\"><a rel=\"alternate\" hreflang=\"ne-NP\" href=\"https:\/\/aobagaigo.org\/ne\/wp-json\/wp\/v2\/pages\/303\" title=\"Nepali\">\u0928\u0947\u092a\u093e\u0932\u0940<\/a><\/span><\/li>\n<li class=\"vi current\"><span class=\"bogoflags bogoflags-vn\"><\/span> <span class=\"bogo-language-name\"><a rel=\"alternate\" hreflang=\"vi\" href=\"https:\/\/aobagaigo.org\/vi\/wp-json\/wp\/v2\/pages\/303\" title=\"Vietnamese\" class=\"current\" aria-current=\"page\">Ti\u1ebfng Vi\u1ec7t<\/a><\/span><\/li>\n<li class=\"zh-CN\"><span class=\"bogoflags bogoflags-cn\"><\/span> <span class=\"bogo-language-name\"><a rel=\"alternate\" hreflang=\"zh-CN\" href=\"https:\/\/aobagaigo.org\/zh-CN\/wp-json\/wp\/v2\/pages\/303\" title=\"Chinese (China)\">\u7b80\u4f53\u4e2d\u6587<\/a><\/span><\/li>\n<li class=\"zh-TW last\"><span class=\"bogoflags bogoflags-tw\"><\/span> <span class=\"bogo-language-name\"><a rel=\"alternate\" hreflang=\"zh-TW\" href=\"https:\/\/aobagaigo.org\/zh-TW\/wp-json\/wp\/v2\/pages\/303\" title=\"Chinese (Taiwan)\">\u7e41\u9ad4\u4e2d\u6587<\/a><\/span><\/li>\n<\/ul>\n\n\n\n<h2 class=\"wp-block-heading\">Hi\u1ec3u v\u00e0 giao ti\u1ebfp ti\u1ebfng Nh\u1eadt t\u1ed1t.<\/h2>\n\n\n\n<p>H\u1ecdc sinh s\u1ebd c\u00f3 th\u1ec3 hi\u1ec3u c\u00e1c v\u0103n b\u1ea3n c\u1ee5 th\u1ec3 nh\u01b0ng ph\u1ee9c t\u1ea1p nh\u01b0 b\u00e1o v\u00e0 t\u1ea1p ch\u00ed trong c\u00e1c t\u00e0i li\u1ec7u \u0111\u1ecdc. \u1ede t\u1ed1c \u0111\u1ed9 g\u1ea7n v\u1edbi t\u1ef1 nhi\u00ean, l\u1eafng nghe m\u1ed9t cu\u1ed9c tr\u00f2 chuy\u1ec7n ho\u1eb7c tin t\u1ee9c h\u01a1i ph\u1ee9c t\u1ea1p, hi\u1ec3u n\u1ed9i dung v\u00e0 c\u00f3 th\u1ec3 giao ti\u1ebfp v\u1edbi ng\u01b0\u1eddi kh\u00e1c.<\/p>\n","protected":false},"excerpt":{"rendered":"<p>Hi\u1ec3u v\u00e0 giao ti\u1ebfp ti\u1ebfng Nh\u1eadt t\u1ed1t. H\u1ecdc sinh s\u1ebd c\u00f3 th\u1ec3 hi\u1ec3u c\u00e1c v\u0103n b\u1ea3n c\u1ee5 th\u1ec3 nh\u01b0ng ph\u1ee9c t\u1ea1p nh\u01b0 b\u00e1o v\u00e0 t\u1ea1p ch\u00ed trong c\u00e1c t\u00e0i li\u1ec7u \u0111\u1ecdc. \u1ede t\u1ed1c \u0111\u1ed9 g\u1ea7n v\u1edbi t\u1ef1 nhi\u00ean, l\u1eafng nghe m\u1ed9t cu\u1ed9c tr\u00f2 chuy\u1ec7n ho\u1eb7c tin t\u1ee9c h\u01a1i ph\u1ee9c t\u1ea1p, hi\u1ec3u n\u1ed9i dung v\u00e0 c\u00f3 [&hellip;]<\/p>\n","protected":false},"author":1,"featured_media":0,"parent":0,"menu_order":0,"comment_status":"closed","ping_status":"closed","template":"","meta":{"_locale":"vi","_original_post":"http:\/\/aobagaigo.org\/?page_id=60","vkexunit_cta_each_option":"","footnotes":""},"class_list":["post-303","page","type-page","status-publish","hentry","vi"],"jetpack_sharing_enabled":true,"_links":{"self":[{"href":"https:\/\/aobagaigo.org\/wp-json\/wp\/v2\/pages\/303","targetHints":{"allow":["GET"]}}],"collection":[{"href":"https:\/\/aobagaigo.org\/wp-json\/wp\/v2\/pages"}],"about":[{"href":"https:\/\/aobagaigo.org\/wp-json\/wp\/v2\/types\/page"}],"author":[{"embeddable":true,"href":"https:\/\/aobagaigo.org\/wp-json\/wp\/v2\/users\/1"}],"replies":[{"embeddable":true,"href":"https:\/\/aobagaigo.org\/wp-json\/wp\/v2\/comments?post=303"}],"version-history":[{"count":2,"href":"https:\/\/aobagaigo.org\/wp-json\/wp\/v2\/pages\/303\/revisions"}],"predecessor-version":[{"id":307,"href":"https:\/\/aobagaigo.org\/wp-json\/wp\/v2\/pages\/303\/revisions\/307"}],"wp:attachment":[{"href":"https:\/\/aobagaigo.org\/wp-json\/wp\/v2\/media?parent=303"}],"curies":[{"name":"wp","href":"https:\/\/api.w.org\/{rel}","templated":true}]}}