{"id":294,"date":"2020-07-14T14:00:38","date_gmt":"2020-07-14T05:00:38","guid":{"rendered":"https:\/\/aobagaigo.org\/?page_id=294"},"modified":"2020-07-14T14:00:40","modified_gmt":"2020-07-14T05:00:40","slug":"course","status":"publish","type":"page","link":"https:\/\/aobagaigo.org\/vi\/course","title":{"rendered":"kh\u00f3a h\u1ecdc"},"content":{"rendered":"\n<p><ul class=\"bogo-language-switcher list-view\"><li class=\"en-US en first\"><span class=\"bogoflags bogoflags-us\"><\/span> <span class=\"bogo-language-name\"><a rel=\"alternate\" hreflang=\"en-US\" href=\"https:\/\/aobagaigo.org\/en\/wp-json\/wp\/v2\/pages\/294\" title=\"English\">English<\/a><\/span><\/li>\n<li class=\"ja\"><span class=\"bogoflags bogoflags-jp\"><\/span> <span class=\"bogo-language-name\"><a rel=\"alternate\" hreflang=\"ja\" href=\"https:\/\/aobagaigo.org\/wp-json\/wp\/v2\/pages\/294\" title=\"Japanese\">\u65e5\u672c\u8a9e<\/a><\/span><\/li>\n<li class=\"ne-NP ne\"><span class=\"bogoflags bogoflags-np\"><\/span> <span class=\"bogo-language-name\"><a rel=\"alternate\" hreflang=\"ne-NP\" href=\"https:\/\/aobagaigo.org\/ne\/wp-json\/wp\/v2\/pages\/294\" title=\"Nepali\">\u0928\u0947\u092a\u093e\u0932\u0940<\/a><\/span><\/li>\n<li class=\"vi current\"><span class=\"bogoflags bogoflags-vn\"><\/span> <span class=\"bogo-language-name\"><a rel=\"alternate\" hreflang=\"vi\" href=\"https:\/\/aobagaigo.org\/vi\/wp-json\/wp\/v2\/pages\/294\" title=\"Vietnamese\" class=\"current\" aria-current=\"page\">Ti\u1ebfng Vi\u1ec7t<\/a><\/span><\/li>\n<li class=\"zh-CN\"><span class=\"bogoflags bogoflags-cn\"><\/span> <span class=\"bogo-language-name\"><a rel=\"alternate\" hreflang=\"zh-CN\" href=\"https:\/\/aobagaigo.org\/zh-CN\/wp-json\/wp\/v2\/pages\/294\" title=\"Chinese (China)\">\u7b80\u4f53\u4e2d\u6587<\/a><\/span><\/li>\n<li class=\"zh-TW last\"><span class=\"bogoflags bogoflags-tw\"><\/span> <span class=\"bogo-language-name\"><a rel=\"alternate\" hreflang=\"zh-TW\" href=\"https:\/\/aobagaigo.org\/zh-TW\/wp-json\/wp\/v2\/pages\/294\" title=\"Chinese (Taiwan)\">\u7e41\u9ad4\u4e2d\u6587<\/a><\/span><\/li>\n<\/ul>Ch\u00fang t\u00f4i cung c\u1ea5p c\u00e1c kh\u00f3a h\u1ecdc trong 2 n\u0103m v\u00e0 1 n\u0103m v\u00e0 6 th\u00e1ng. Kh\u00f3a h\u1ecdc 2 n\u0103m \u0111\u01b0\u1ee3c nh\u1eadn v\u00e0o th\u00e1ng 4 v\u00e0 kh\u00f3a h\u1ecdc 1 n\u0103m v\u00e0 6 th\u00e1ng \u0111\u01b0\u1ee3c nh\u1eadn v\u00e0o th\u00e1ng 10. C\u1ea3 hai kh\u00f3a h\u1ecdc \u0111\u1ec1u nh\u1eb1m v\u00e0o c\u00e1c t\u1ed5 ch\u1ee9c gi\u00e1o d\u1ee5c \u0111\u1ea1i h\u1ecdc nh\u01b0 c\u00e1c tr\u01b0\u1eddng \u0111\u1ea1i h\u1ecdc v\u00e0 tr\u01b0\u1eddng d\u1ea1y ngh\u1ec1 c\u1ee7a Nh\u1eadt B\u1ea3n, nh\u01b0ng m\u1ed9t m\u1ee5c ti\u00eau kh\u00e1c l\u00e0 d\u1ea1y ti\u1ebfng Nh\u1eadt c\u00f3 th\u1ec3 \u0111\u01b0\u1ee3c s\u1eed d\u1ee5ng trong vi\u1ec7c l\u00e0m t\u1ea1i Nh\u1eadt B\u1ea3n.<\/p>\n","protected":false},"excerpt":{"rendered":"<p>Ch\u00fang t\u00f4i cung c\u1ea5p c\u00e1c kh\u00f3a h\u1ecdc trong 2 n\u0103m v\u00e0 1 n\u0103m v\u00e0 6 th\u00e1ng. Kh\u00f3a h\u1ecdc 2 n\u0103m \u0111\u01b0\u1ee3c nh\u1eadn v\u00e0o th\u00e1ng 4 v\u00e0 kh\u00f3a h\u1ecdc 1 n\u0103m v\u00e0 6 th\u00e1ng \u0111\u01b0\u1ee3c nh\u1eadn v\u00e0o th\u00e1ng 10. C\u1ea3 hai kh\u00f3a h\u1ecdc \u0111\u1ec1u nh\u1eb1m v\u00e0o c\u00e1c t\u1ed5 ch\u1ee9c gi\u00e1o d\u1ee5c \u0111\u1ea1i h\u1ecdc nh\u01b0 c\u00e1c tr\u01b0\u1eddng [&hellip;]<\/p>\n","protected":false},"author":1,"featured_media":0,"parent":0,"menu_order":0,"comment_status":"closed","ping_status":"closed","template":"","meta":{"_locale":"vi","_original_post":"http:\/\/aobagaigo.org\/?page_id=25","vkexunit_cta_each_option":"","footnotes":""},"class_list":["post-294","page","type-page","status-publish","hentry","vi"],"jetpack_sharing_enabled":true,"_links":{"self":[{"href":"https:\/\/aobagaigo.org\/wp-json\/wp\/v2\/pages\/294","targetHints":{"allow":["GET"]}}],"collection":[{"href":"https:\/\/aobagaigo.org\/wp-json\/wp\/v2\/pages"}],"about":[{"href":"https:\/\/aobagaigo.org\/wp-json\/wp\/v2\/types\/page"}],"author":[{"embeddable":true,"href":"https:\/\/aobagaigo.org\/wp-json\/wp\/v2\/users\/1"}],"replies":[{"embeddable":true,"href":"https:\/\/aobagaigo.org\/wp-json\/wp\/v2\/comments?post=294"}],"version-history":[{"count":1,"href":"https:\/\/aobagaigo.org\/wp-json\/wp\/v2\/pages\/294\/revisions"}],"predecessor-version":[{"id":295,"href":"https:\/\/aobagaigo.org\/wp-json\/wp\/v2\/pages\/294\/revisions\/295"}],"wp:attachment":[{"href":"https:\/\/aobagaigo.org\/wp-json\/wp\/v2\/media?parent=294"}],"curies":[{"name":"wp","href":"https:\/\/api.w.org\/{rel}","templated":true}]}}