{"id":281,"date":"2020-07-14T13:48:44","date_gmt":"2020-07-14T04:48:44","guid":{"rendered":"https:\/\/aobagaigo.org\/?page_id=281"},"modified":"2020-07-14T13:48:46","modified_gmt":"2020-07-14T04:48:46","slug":"school-introduction","status":"publish","type":"page","link":"https:\/\/aobagaigo.org\/vi\/school-introduction","title":{"rendered":"Gi\u1edbi thi\u1ec7u tr\u01b0\u1eddng"},"content":{"rendered":"\n<ul class=\"bogo-language-switcher list-view\"><li class=\"en-US en first\"><span class=\"bogoflags bogoflags-us\"><\/span> <span class=\"bogo-language-name\"><a rel=\"alternate\" hreflang=\"en-US\" href=\"https:\/\/aobagaigo.org\/en\/wp-json\/wp\/v2\/pages\/281\" title=\"English\">English<\/a><\/span><\/li>\n<li class=\"ja\"><span class=\"bogoflags bogoflags-jp\"><\/span> <span class=\"bogo-language-name\"><a rel=\"alternate\" hreflang=\"ja\" href=\"https:\/\/aobagaigo.org\/wp-json\/wp\/v2\/pages\/281\" title=\"Japanese\">\u65e5\u672c\u8a9e<\/a><\/span><\/li>\n<li class=\"ne-NP ne\"><span class=\"bogoflags bogoflags-np\"><\/span> <span class=\"bogo-language-name\"><a rel=\"alternate\" hreflang=\"ne-NP\" href=\"https:\/\/aobagaigo.org\/ne\/wp-json\/wp\/v2\/pages\/281\" title=\"Nepali\">\u0928\u0947\u092a\u093e\u0932\u0940<\/a><\/span><\/li>\n<li class=\"vi current\"><span class=\"bogoflags bogoflags-vn\"><\/span> <span class=\"bogo-language-name\"><a rel=\"alternate\" hreflang=\"vi\" href=\"https:\/\/aobagaigo.org\/vi\/wp-json\/wp\/v2\/pages\/281\" title=\"Vietnamese\" class=\"current\" aria-current=\"page\">Ti\u1ebfng Vi\u1ec7t<\/a><\/span><\/li>\n<li class=\"zh-CN\"><span class=\"bogoflags bogoflags-cn\"><\/span> <span class=\"bogo-language-name\"><a rel=\"alternate\" hreflang=\"zh-CN\" href=\"https:\/\/aobagaigo.org\/zh-CN\/wp-json\/wp\/v2\/pages\/281\" title=\"Chinese (China)\">\u7b80\u4f53\u4e2d\u6587<\/a><\/span><\/li>\n<li class=\"zh-TW last\"><span class=\"bogoflags bogoflags-tw\"><\/span> <span class=\"bogo-language-name\"><a rel=\"alternate\" hreflang=\"zh-TW\" href=\"https:\/\/aobagaigo.org\/zh-TW\/wp-json\/wp\/v2\/pages\/281\" title=\"Chinese (Taiwan)\">\u7e41\u9ad4\u4e2d\u6587<\/a><\/span><\/li>\n<\/ul>\n\n\n\n<p>\uff5eT\u1eeb th\u00e0nh ph\u1ed1 Sendai \u0111\u1ebfn th\u1ebf gi\u1edbi\uff5e<\/p>\n\n\n\n<p>H\u1ecdc vi\u1ec7n Ngo\u1ea1i ng\u1eef Aoba \u0111\u01b0\u1ee3c th\u00e0nh l\u1eadp t\u1ea1i th\u00e0nh ph\u1ed1 Sendai, t\u1ec9nh Miyagi v\u00e0o n\u0103m 2003. M\u1eb7c d\u00f9 tr\u1eddi n\u00f3ng v\u00e0 \u1ea9m v\u00e0o m\u00f9a h\u00e8 \u1edf Nh\u1eadt B\u1ea3n, th\u00e0nh ph\u1ed1 Sendai n\u1eb1m \u1edf ph\u00eda \u0111\u00f4ng b\u1eafc c\u1ee7a Nh\u1eadt B\u1ea3n, khi\u1ebfn n\u01a1i \u0111\u00e2y tr\u1edf th\u00e0nh m\u1ed9t n\u01a1i r\u1ea5t tho\u1ea3i m\u00e1i \u0111\u1ec3 sinh s\u1ed1ng. \u0110\u00e2y l\u00e0 m\u1ed9t th\u00e0nh ph\u1ed1 c\u00f3 tr\u00ecnh \u0111\u1ed9 v\u0103n h\u00f3a cao, n\u01a1i c\u00f3 nhi\u1ec1u tr\u01b0\u1eddng \u0111\u1ea1i h\u1ecdc, trong \u0111\u00f3 c\u00f3 \u0110\u1ea1i h\u1ecdc Tohoku, m\u1ed9t th\u00e0nh ph\u1ed1 gi\u00e0u thi\u00ean nhi\u00ean v\u00e0 \u0111\u00e3 t\u1ea1o ra nh\u1eefng ng\u01b0\u1eddi \u0111o\u1ea1t gi\u1ea3i th\u01b0\u1edfng Nobel. \u0110\u00e2y l\u00e0 m\u1ed9t th\u00e0nh ph\u1ed1 \u0111\u1ed9c \u0111\u00e1o d\u00e0nh cho sinh vi\u00ean qu\u1ed1c t\u1ebf, n\u01a1i b\u1ea1n c\u00f3 th\u1ec3 c\u1ed1ng hi\u1ebfn h\u1ebft m\u00ecnh cho vi\u1ec7c h\u1ecdc t\u1eadp v\u00e0 n\u00e2ng cao \u0111\u1eddi s\u1ed1ng ri\u00eang t\u01b0 nh\u01b0 c\u00f4ng vi\u1ec7c b\u00e1n th\u1eddi gian.<\/p>\n\n\n\n<p><\/p>\n","protected":false},"excerpt":{"rendered":"<p>\uff5eT\u1eeb th\u00e0nh ph\u1ed1 Sendai \u0111\u1ebfn th\u1ebf gi\u1edbi\uff5e H\u1ecdc vi\u1ec7n Ngo\u1ea1i ng\u1eef Aoba \u0111\u01b0\u1ee3c th\u00e0nh l\u1eadp t\u1ea1i th\u00e0nh ph\u1ed1 Sendai, t\u1ec9nh Miyagi v\u00e0o n\u0103m 2003. M\u1eb7c d\u00f9 tr\u1eddi n\u00f3ng v\u00e0 \u1ea9m v\u00e0o m\u00f9a h\u00e8 \u1edf Nh\u1eadt B\u1ea3n, th\u00e0nh ph\u1ed1 Sendai n\u1eb1m \u1edf ph\u00eda \u0111\u00f4ng b\u1eafc c\u1ee7a Nh\u1eadt B\u1ea3n, khi\u1ebfn n\u01a1i \u0111\u00e2y tr\u1edf th\u00e0nh m\u1ed9t n\u01a1i r\u1ea5t [&hellip;]<\/p>\n","protected":false},"author":1,"featured_media":0,"parent":0,"menu_order":0,"comment_status":"closed","ping_status":"closed","template":"","meta":{"_locale":"vi","_original_post":"http:\/\/aobagaigo.org\/?page_id=16","vkexunit_cta_each_option":"","footnotes":""},"class_list":["post-281","page","type-page","status-publish","hentry","vi"],"jetpack_sharing_enabled":true,"_links":{"self":[{"href":"https:\/\/aobagaigo.org\/wp-json\/wp\/v2\/pages\/281","targetHints":{"allow":["GET"]}}],"collection":[{"href":"https:\/\/aobagaigo.org\/wp-json\/wp\/v2\/pages"}],"about":[{"href":"https:\/\/aobagaigo.org\/wp-json\/wp\/v2\/types\/page"}],"author":[{"embeddable":true,"href":"https:\/\/aobagaigo.org\/wp-json\/wp\/v2\/users\/1"}],"replies":[{"embeddable":true,"href":"https:\/\/aobagaigo.org\/wp-json\/wp\/v2\/comments?post=281"}],"version-history":[{"count":1,"href":"https:\/\/aobagaigo.org\/wp-json\/wp\/v2\/pages\/281\/revisions"}],"predecessor-version":[{"id":282,"href":"https:\/\/aobagaigo.org\/wp-json\/wp\/v2\/pages\/281\/revisions\/282"}],"wp:attachment":[{"href":"https:\/\/aobagaigo.org\/wp-json\/wp\/v2\/media?parent=281"}],"curies":[{"name":"wp","href":"https:\/\/api.w.org\/{rel}","templated":true}]}}